{"id":2803,"date":"2024-08-28T12:30:54","date_gmt":"2024-08-28T09:30:54","guid":{"rendered":"https:\/\/voguediamond.com.tr\/?post_type=product&#038;p=2803"},"modified":"2024-09-16T11:20:28","modified_gmt":"2024-09-16T08:20:28","slug":"elegant-gold-diamond-ring","status":"publish","type":"product","link":"http:\/\/voguediamond.com.tr\/ru\/product\/elegant-gold-diamond-ring\/","title":{"rendered":"Elegant Gold Diamond Ring"},"content":{"rendered":"<p><em><strong>This exquisite gold ring is adorned with a cluster of sparkling diamonds, creating a stunning and elegant piece that captures the light beautifully. Perfect for special occasions or adding a touch of luxury to everyday wear.<\/strong><\/em><\/p>\n<p>18 (750) yar alt\u0131n y\u00fcz\u00fck<\/p>\n<p>0,77 karat yuvarlak kesim p\u0131rlanta<\/p>\n<p>PY33191<\/p>","protected":false},"excerpt":{"rendered":"<p>This exquisite gold ring is adorned with a cluster of sparkling diamonds, creating a stunning and elegant piece that captures the light beautifully. Perfect for special occasions or adding a touch of luxury to everyday wear. 18 (750) yar alt\u0131n y\u00fcz\u00fck 0,77 karat yuvarlak kesim p\u0131rlanta PY33191<\/p>","protected":false},"featured_media":2804,"template":"","meta":{"_et_pb_use_builder":"","_et_pb_old_content":"","_et_gb_content_width":""},"product_brand":[],"product_cat":[29,39,34],"product_tag":[],"class_list":{"0":"post-2803","1":"product","2":"type-product","3":"status-publish","4":"has-post-thumbnail","6":"product_cat-jewellery","7":"product_cat-rings","8":"product_cat-shop","10":"first","11":"instock","12":"shipping-taxable","13":"product-type-simple"},"_links":{"self":[{"href":"http:\/\/voguediamond.com.tr\/ru\/wp-json\/wp\/v2\/product\/2803","targetHints":{"allow":["GET"]}}],"collection":[{"href":"http:\/\/voguediamond.com.tr\/ru\/wp-json\/wp\/v2\/product"}],"about":[{"href":"http:\/\/voguediamond.com.tr\/ru\/wp-json\/wp\/v2\/types\/product"}],"wp:featuredmedia":[{"embeddable":true,"href":"http:\/\/voguediamond.com.tr\/ru\/wp-json\/wp\/v2\/media\/2804"}],"wp:attachment":[{"href":"http:\/\/voguediamond.com.tr\/ru\/wp-json\/wp\/v2\/media?parent=2803"}],"wp:term":[{"taxonomy":"product_brand","embeddable":true,"href":"http:\/\/voguediamond.com.tr\/ru\/wp-json\/wp\/v2\/product_brand?post=2803"},{"taxonomy":"product_cat","embeddable":true,"href":"http:\/\/voguediamond.com.tr\/ru\/wp-json\/wp\/v2\/product_cat?post=2803"},{"taxonomy":"product_tag","embeddable":true,"href":"http:\/\/voguediamond.com.tr\/ru\/wp-json\/wp\/v2\/product_tag?post=2803"}],"curies":[{"name":"wp","href":"https:\/\/api.w.org\/{rel}","templated":true}]}}