{"id":1008,"date":"2021-02-21T12:33:47","date_gmt":"2021-02-21T09:33:47","guid":{"rendered":"https:\/\/vogueworkshop.com\/?page_id=1008"},"modified":"2021-02-26T14:25:43","modified_gmt":"2021-02-26T11:25:43","slug":"privacy-policy","status":"publish","type":"page","link":"https:\/\/voguediamond.com.tr\/en\/privacy-policy\/","title":{"rendered":"Privacy &#038; Policy"},"content":{"rendered":"<p>[et_pb_section fb_built=&#8221;1&#8243; _builder_version=&#8221;4.7.4&#8243; _module_preset=&#8221;default&#8221; custom_padding=&#8221;3px||7px|||&#8221;][et_pb_row _builder_version=&#8221;4.7.4&#8243; _module_preset=&#8221;default&#8221;][et_pb_column type=&#8221;4_4&#8243; _builder_version=&#8221;4.7.4&#8243; _module_preset=&#8221;default&#8221;][et_pb_text _builder_version=&#8221;4.7.4&#8243; _dynamic_attributes=&#8221;content&#8221; _module_preset=&#8221;default&#8221; text_font_size=&#8221;40px&#8221; text_orientation=&#8221;center&#8221;]@ET-DC@eyJkeW5hbWljIjp0cnVlLCJjb250ZW50IjoicG9zdF90aXRsZSIsInNldHRpbmdzIjp7ImJlZm9yZSI6IiIsImFmdGVyIjoiIn19@[\/et_pb_text][et_pb_divider color=&#8221;#000000&#8243; _builder_version=&#8221;4.7.4&#8243; _module_preset=&#8221;default&#8221;][\/et_pb_divider][et_pb_text _builder_version=&#8221;4.7.4&#8243; _module_preset=&#8221;default&#8221; text_font=&#8221;ABeeZee||||||||&#8221; text_font_size=&#8221;0.9rem&#8221;]<\/p>\n<h3><strong>Clarification Text on the Protection and Processing of Personal Data<\/strong><\/h3>\n<p>Your personal data is important to us. Necessary measures are taken to make sure there is appropriate level of security, in relevance with the legislation in order to protect and prevent your personal data from illegal use for its process.<\/p>\n<h3><strong>IDENTITY OF THE DATA CONTROLLER<\/strong><\/h3>\n<p>In accordance with the \u0130\u015fbu Law for Personal Data Protection and Processing \u2018\u2019Clarification Text\u2019\u2019 and in context of the \u2018\u2019Notification of the Procedures and Principles to be Applied in Fulfilling the Disclosure Obligation\u2019\u2019; this text has been prepared by DEDEMAR Kuyumculuk ve Tur.Tic.San.\u0130th.\u0130hr.A.\u015e.<\/p>\n<p><strong style=\"font-size: 14.4px;\">Commercial Title:\u00a0<\/strong><span style=\"font-size: 14.4px;\">DEDEMAR Kuyumculuk ve Tur. Tic. San. \u0130th. \u0130hr. A.\u015e.<\/span><\/p>\n<p><strong>Central Registration System (MERS\u0130S) No<\/strong>: 0271077965400019<\/p>\n<p><strong>Address:\u00a0<\/strong>Tepe Mahallesi. Netsel Marina No:C\/1 Marmaris\/MU\u011eLA<\/p>\n<p><strong>Phone<\/strong>: 0252 417 8383<\/p>\n<p><strong>E-mail<\/strong>: info@vogueworkshop.com<\/p>\n<p><span style=\"font-size: 14.4px;\">Datas, in particular: your ID number, name, surname, gender, date of birth, mobile phone, e-mail address, address information, promotions and coupons used, device type, IP address, shopping information,\u00a0 membership information (in case of membership), wedding anniversary, your ring size; are processed in fully or partially automated means in accordance with the Law and the relevant legislation, or non-automatic, given that it is part of any system of data recording.<\/span><\/p>\n<p><strong style=\"color: #333333; font-family: Cormorant, Georgia, 'Times New Roman', serif; font-size: 22px;\"><\/strong><\/p>\n<p><strong style=\"color: #333333; font-family: Cormorant, Georgia, 'Times New Roman', serif; font-size: 22px;\">PURPOSES OF PROCESSING PERSONAL DATA<\/strong><\/p>\n<p>Providing your Personal Data, introducing, diversifying and developing our services and products, getting in touch with you regarding the services and products you have purchased\/will receive, providing after-sales support services, conducting membership transactions and benefiting from membership rights, answering questions about customer records, carry out studies to create new products, to offer \u2018\u2019sale-back\u2019\u2019 opportunities for products to customers, to ensure certain quality standards, to fully meet our obligations under the contracts we have concluded with you, to undertake marketing analysis studies, to conduct studies, advertisements and demonstrations for your special interests and preferences, to create invoices and accounting records, to service commitment and customer relationship management processes, customer satisfaction-oriented activities, suggestions, requests and complaints follow-up and evaluation of your business, execution of advertising-introduction-promotion processes, improve the user experience on our website, realisation of electronic and other commercial-social communications to be made for membership applications if you approve, operate analysis and in-house reporting activities, providing and ensuring transaction security legally; can be processed for the purposes of fulfilling our legal obligations.<\/p>\n<h3><strong><\/strong><\/h3>\n<h3><strong>THE PARTIES TO WHICH YOUR PERSONAL DATA IS TRANSFERED AND THE PURPOSES OF TRANSFER<\/strong><\/h3>\n<p>In Accordance with the basic principles of the Law and within the scope of the \u2018\u2019Purposes of Processing Personal Data\u2019\u2019 listed above; your Personal Data can be shared with (both within the country and abroad); legally authorised private law persons, our business partners, suppliers, affiliates, shareholders, group companies, auditing companies, payment institutions, legally authorized public institutions and organizations<\/p>\n<p><strong style=\"color: #333333; font-family: Cormorant, Georgia, 'Times New Roman', serif; font-size: 22px;\"><\/strong><\/p>\n<p><strong style=\"color: #333333; font-family: Cormorant, Georgia, 'Times New Roman', serif; font-size: 22px;\">METHOD OF COLLECTING YOUR PERSONAL DATA AND LEGAL REASON<\/strong><\/p>\n<p>Your Personal Data can be collected in audio, electronic or written form; during the stage of becoming a member of the virtual store (https:\/\/www.voguediamond.co.uk\/en), during the process of ordering without being a member from the virtual store, during the applications you have made directly through the organizations that our company or our company receive support services from within the country or abroad to use the products and services offered by our company, during the calls made with the call center owned or served by our company, during the establishment of product and service contracts, in the stores opened by our own or authorized companies, during certification and service\/product guarantee records.<\/p>\n<p>In addition, your Personal Data is processed based on the legal reasons specified in Article 5 of the Law and listed below. <strong>In the presence of the following personal data processing conditions in accordance with the law, your personal data may be processed without your explicit consent.<\/strong><\/p>\n<ul>\n<li>Explicitly prescribed in the laws<\/li>\n<\/ul>\n<p>Given that it is directly related to the establishment or performance of a contract, it is necessary to process personal data belonging to the parties to the contract.<\/p>\n<ul>\n<li>It is obligatory for the data controller to fulfill their legal obligation<\/li>\n<li>Data processing is mandatory for the establishment, use or protection of a right<\/li>\n<li>If data processing is mandatory for the legitimate interests of the data controller, provided that it does not harm the freedom and fundemental rights of the person concerned.<\/li>\n<\/ul>\n<p>In the event of absence of the personal data processing conditions mentioned above, we inform you that the explicit consent of the customers is obtained for personal data processing activities and that no processing is undertaken without explicit consent.<\/p>\n<p><strong style=\"color: #333333; font-family: Cormorant, Georgia, 'Times New Roman', serif; font-size: 22px;\"><\/strong><\/p>\n<p><strong style=\"color: #333333; font-family: Cormorant, Georgia, 'Times New Roman', serif; font-size: 22px;\">EXPLICIT CONSENT<\/strong><\/p>\n<p>Your personal data is processed within the scope of the Clarification Text. In cases where my explicit consent is sought, I accept that my personal data will be processed in accordance with the principles specified in the Clarification Text and transferred to third parties of which specified in the Clarification Text.<\/p>\n<p><strong style=\"color: #333333; font-family: Cormorant, Georgia, 'Times New Roman', serif; font-size: 22px;\"><\/strong><\/p>\n<p><strong style=\"color: #333333; font-family: Cormorant, Georgia, 'Times New Roman', serif; font-size: 22px;\">RIGHTS OF THE PERSONAL DATA OWNER<\/strong><\/p>\n<p>Your requests within the scope of Article 11 of the Law &#8220;Regulating the rights of the person concerned&#8221; are sent to Tepe Mahallesi. Netsel Marina No:C\/1 Marmaris\/MU\u011eLA in writing or to our e-mail address (email adresimiz) with a secure electronic signature or by other means specified in the Notification on Application Procedures and Principles to Data Officer.<\/p>\n<p>Our company reserves the right to update this Clarification Text at any time, within the framework of the changes that can be made in the current legislation.<\/p>\n<p>[\/et_pb_text][\/et_pb_column][\/et_pb_row][\/et_pb_section]<\/p>\n","protected":false},"excerpt":{"rendered":"<p>[et_pb_section fb_built=&#8221;1&#8243; _builder_version=&#8221;4.7.4&#8243; _module_preset=&#8221;default&#8221; custom_padding=&#8221;3px||7px|||&#8221;][et_pb_row _builder_version=&#8221;4.7.4&#8243; _module_preset=&#8221;default&#8221;][et_pb_column type=&#8221;4_4&#8243; _builder_version=&#8221;4.7.4&#8243; _module_preset=&#8221;default&#8221;][et_pb_text _builder_version=&#8221;4.7.4&#8243; _dynamic_attributes=&#8221;content&#8221; _module_preset=&#8221;default&#8221; text_font_size=&#8221;40px&#8221; text_orientation=&#8221;center&#8221;]@ET-DC@eyJkeW5hbWljIjp0cnVlLCJjb250ZW50IjoicG9zdF90aXRsZSIsInNldHRpbmdzIjp7ImJlZm9yZSI6IiIsImFmdGVyIjoiIn19@[\/et_pb_text][et_pb_divider color=&#8221;#000000&#8243; _builder_version=&#8221;4.7.4&#8243; _module_preset=&#8221;default&#8221;][\/et_pb_divider][et_pb_text _builder_version=&#8221;4.7.4&#8243; _module_preset=&#8221;default&#8221; text_font=&#8221;ABeeZee||||||||&#8221; text_font_size=&#8221;0.9rem&#8221;] Clarification Text on the Protection and Processing of Personal Data Your personal data is important to us. Necessary measures are taken to make sure there is appropriate level of security, in relevance with [&hellip;]<\/p>\n","protected":false},"author":9,"featured_media":0,"parent":0,"menu_order":0,"comment_status":"closed","ping_status":"closed","template":"","meta":{"_et_pb_use_builder":"on","_et_pb_old_content":"","_et_gb_content_width":"","footnotes":""},"class_list":["post-1008","page","type-page","status-publish","hentry"],"_links":{"self":[{"href":"https:\/\/voguediamond.com.tr\/en\/wp-json\/wp\/v2\/pages\/1008","targetHints":{"allow":["GET"]}}],"collection":[{"href":"https:\/\/voguediamond.com.tr\/en\/wp-json\/wp\/v2\/pages"}],"about":[{"href":"https:\/\/voguediamond.com.tr\/en\/wp-json\/wp\/v2\/types\/page"}],"author":[{"embeddable":true,"href":"https:\/\/voguediamond.com.tr\/en\/wp-json\/wp\/v2\/users\/9"}],"replies":[{"embeddable":true,"href":"https:\/\/voguediamond.com.tr\/en\/wp-json\/wp\/v2\/comments?post=1008"}],"version-history":[{"count":8,"href":"https:\/\/voguediamond.com.tr\/en\/wp-json\/wp\/v2\/pages\/1008\/revisions"}],"predecessor-version":[{"id":1280,"href":"https:\/\/voguediamond.com.tr\/en\/wp-json\/wp\/v2\/pages\/1008\/revisions\/1280"}],"wp:attachment":[{"href":"https:\/\/voguediamond.com.tr\/en\/wp-json\/wp\/v2\/media?parent=1008"}],"curies":[{"name":"wp","href":"https:\/\/api.w.org\/{rel}","templated":true}]}}